{"id":793,"date":"2023-04-17T08:12:35","date_gmt":"2023-04-17T11:12:35","guid":{"rendered":"https:\/\/analugallotti.com.br\/?page_id=793"},"modified":"2024-01-19T14:57:12","modified_gmt":"2024-01-19T17:57:12","slug":"avaliacao-neurologica","status":"publish","type":"page","link":"https:\/\/analugallotti.com.br\/?page_id=793","title":{"rendered":"Avalia\u00e7\u00e3o Neuropsicol\u00f3gica"},"content":{"rendered":"\t\t<div data-elementor-type=\"wp-page\" data-elementor-id=\"793\" class=\"elementor elementor-793\">\n\t\t\t\t\t\t\t\t\t<section class=\"elementor-section elementor-top-section elementor-element elementor-element-4c01834 elementor-section-boxed elementor-section-height-default elementor-section-height-default\" data-id=\"4c01834\" data-element_type=\"section\">\n\t\t\t\t\t\t<div class=\"elementor-container elementor-column-gap-default\">\n\t\t\t\t\t<div class=\"elementor-column elementor-col-100 elementor-top-column elementor-element elementor-element-57a215f\" data-id=\"57a215f\" data-element_type=\"column\">\n\t\t\t<div class=\"elementor-widget-wrap elementor-element-populated\">\n\t\t\t\t\t\t\t\t<div class=\"elementor-element elementor-element-05f013c elementor-widget elementor-widget-heading\" data-id=\"05f013c\" data-element_type=\"widget\" data-widget_type=\"heading.default\">\n\t\t\t\t<div class=\"elementor-widget-container\">\n\t\t\t<style>\/*! elementor - v3.12.1 - 02-04-2023 *\/\n.elementor-heading-title{padding:0;margin:0;line-height:1}.elementor-widget-heading .elementor-heading-title[class*=elementor-size-]>a{color:inherit;font-size:inherit;line-height:inherit}.elementor-widget-heading .elementor-heading-title.elementor-size-small{font-size:15px}.elementor-widget-heading .elementor-heading-title.elementor-size-medium{font-size:19px}.elementor-widget-heading .elementor-heading-title.elementor-size-large{font-size:29px}.elementor-widget-heading .elementor-heading-title.elementor-size-xl{font-size:39px}.elementor-widget-heading .elementor-heading-title.elementor-size-xxl{font-size:59px}<\/style><h3 class=\"elementor-heading-title elementor-size-default\">Avalia\u00e7\u00e3o Neuropsicol\u00f3gica<\/h3>\t\t<\/div>\n\t\t\t\t<\/div>\n\t\t\t\t\t<\/div>\n\t\t<\/div>\n\t\t\t\t\t\t\t<\/div>\n\t\t<\/section>\n\t\t\t\t<section class=\"elementor-section elementor-top-section elementor-element elementor-element-87ad4e2 elementor-section-boxed elementor-section-height-default elementor-section-height-default\" data-id=\"87ad4e2\" data-element_type=\"section\">\n\t\t\t\t\t\t<div class=\"elementor-container elementor-column-gap-default\">\n\t\t\t\t\t<div class=\"elementor-column elementor-col-50 elementor-top-column elementor-element elementor-element-e4512ec\" data-id=\"e4512ec\" data-element_type=\"column\">\n\t\t\t<div class=\"elementor-widget-wrap elementor-element-populated\">\n\t\t\t\t\t\t\t\t<div class=\"elementor-element elementor-element-717495d elementor-widget elementor-widget-text-editor\" data-id=\"717495d\" data-element_type=\"widget\" data-widget_type=\"text-editor.default\">\n\t\t\t\t<div class=\"elementor-widget-container\">\n\t\t\t<style>\/*! elementor - v3.12.1 - 02-04-2023 *\/\n.elementor-widget-text-editor.elementor-drop-cap-view-stacked .elementor-drop-cap{background-color:#69727d;color:#fff}.elementor-widget-text-editor.elementor-drop-cap-view-framed .elementor-drop-cap{color:#69727d;border:3px solid;background-color:transparent}.elementor-widget-text-editor:not(.elementor-drop-cap-view-default) .elementor-drop-cap{margin-top:8px}.elementor-widget-text-editor:not(.elementor-drop-cap-view-default) .elementor-drop-cap-letter{width:1em;height:1em}.elementor-widget-text-editor .elementor-drop-cap{float:left;text-align:center;line-height:1;font-size:50px}.elementor-widget-text-editor .elementor-drop-cap-letter{display:inline-block}<\/style>\t\t\t\t<p>A avalia\u00e7\u00e3o neuropsicol\u00f3gica \u00e9 o processo de investiga\u00e7\u00e3o e diagn\u00f3stico das fun\u00e7\u00f5es cognitivas, como a aten\u00e7\u00e3o, mem\u00f3ria e linguagem, dentre outras, a partir do desempenho em tarefas intelectuais espec\u00edficas e das condi\u00e7\u00f5es sociais, emocionais e funcionais de um indiv\u00edduo, realizado por psic\u00f3logo para fins cl\u00ednicos, educacionais ou laborais.<br \/>Costuma ser solicitada ou indicada por psiquiatras, pediatras, neurologistas e professores quando h\u00e1 suspeita de problemas de aprendizagem, de desenvolvimento ou de sa\u00fade psicol\u00f3gica, quando a pessoa apresenta desempenho acad\u00eamico\/profissional inferior dificuldades cognitivas di\u00e1rias ou d\u00e9ficits em habilidades sociais. <br \/>O n\u00famero de sess\u00f5es varia conforme as necessidades individuais. Utiliza-se testes neuropsicol\u00f3gicos, question\u00e1rios, observa\u00e7\u00e3o e entrevistas cl\u00ednicas para coletar informa\u00e7\u00f5es. A partir dos dados coletados, cria-se um perfil do paciente, identificando habilidades e desafios, essencial para diagn\u00f3stico e planejamento de tratamento eficaz. Ao final do processo, \u00e9 emitido um laudo com os dados obtidos na avalia\u00e7\u00e3o e recomenda\u00e7\u00f5es espec\u00edficas para promover o desenvolvimento do paciente e melhorar sua qualidade de vida.<\/p>\t\t\t\t\t\t<\/div>\n\t\t\t\t<\/div>\n\t\t\t\t<div class=\"elementor-element elementor-element-319a3f5 elementor-widget elementor-widget-button\" data-id=\"319a3f5\" data-element_type=\"widget\" data-widget_type=\"button.default\">\n\t\t\t\t<div class=\"elementor-widget-container\">\n\t\t\t\t\t<div class=\"elementor-button-wrapper\">\n\t\t\t<a href=\"#\" class=\"elementor-button-link elementor-button elementor-size-sm\" role=\"button\">\n\t\t\t\t\t\t<span class=\"elementor-button-content-wrapper\">\n\t\t\t\t\t\t<span class=\"elementor-button-text\">Agende seu hor\u00e1rio<\/span>\n\t\t<\/span>\n\t\t\t\t\t<\/a>\n\t\t<\/div>\n\t\t\t\t<\/div>\n\t\t\t\t<\/div>\n\t\t\t\t<section class=\"elementor-section elementor-inner-section elementor-element elementor-element-b73cf5e elementor-section-boxed elementor-section-height-default elementor-section-height-default\" data-id=\"b73cf5e\" data-element_type=\"section\">\n\t\t\t\t\t\t<div class=\"elementor-container elementor-column-gap-default\">\n\t\t\t\t\t<div class=\"elementor-column elementor-col-100 elementor-inner-column elementor-element elementor-element-005b290\" data-id=\"005b290\" data-element_type=\"column\">\n\t\t\t<div class=\"elementor-widget-wrap\">\n\t\t\t\t\t\t\t\t\t<\/div>\n\t\t<\/div>\n\t\t\t\t\t\t\t<\/div>\n\t\t<\/section>\n\t\t\t\t\t<\/div>\n\t\t<\/div>\n\t\t\t\t<div class=\"elementor-column elementor-col-50 elementor-top-column elementor-element elementor-element-f6092c5\" data-id=\"f6092c5\" data-element_type=\"column\">\n\t\t\t<div class=\"elementor-widget-wrap elementor-element-populated\">\n\t\t\t\t\t\t\t\t<div class=\"elementor-element elementor-element-d69027f elementor-widget elementor-widget-image\" data-id=\"d69027f\" data-element_type=\"widget\" data-widget_type=\"image.default\">\n\t\t\t\t<div class=\"elementor-widget-container\">\n\t\t\t<style>\/*! elementor - v3.12.1 - 02-04-2023 *\/\n.elementor-widget-image{text-align:center}.elementor-widget-image a{display:inline-block}.elementor-widget-image a img[src$=\".svg\"]{width:48px}.elementor-widget-image img{vertical-align:middle;display:inline-block}<\/style>\t\t\t\t\t\t\t\t\t\t\t\t<img decoding=\"async\" width=\"960\" height=\"604\" src=\"https:\/\/analugallotti.com.br\/wp-content\/uploads\/2023\/05\/DSC_2324.png\" class=\"attachment-large size-large wp-image-958\" alt=\"\" loading=\"lazy\" srcset=\"https:\/\/analugallotti.com.br\/wp-content\/uploads\/2023\/05\/DSC_2324.png 960w, https:\/\/analugallotti.com.br\/wp-content\/uploads\/2023\/05\/DSC_2324-300x189.png 300w, https:\/\/analugallotti.com.br\/wp-content\/uploads\/2023\/05\/DSC_2324-768x483.png 768w\" sizes=\"(max-width: 960px) 100vw, 960px\" \/>\t\t\t\t\t\t\t\t\t\t\t\t\t\t\t<\/div>\n\t\t\t\t<\/div>\n\t\t\t\t\t<\/div>\n\t\t<\/div>\n\t\t\t\t\t\t\t<\/div>\n\t\t<\/section>\n\t\t\t\t\t\t\t<\/div>\n\t\t","protected":false},"excerpt":{"rendered":"<p>Avalia\u00e7\u00e3o Neuropsicol\u00f3gica A avalia\u00e7\u00e3o neuropsicol\u00f3gica \u00e9 o processo de investiga\u00e7\u00e3o e diagn\u00f3stico das fun\u00e7\u00f5es cognitivas, como a aten\u00e7\u00e3o, mem\u00f3ria e linguagem, dentre outras, a partir do desempenho em tarefas intelectuais espec\u00edficas e das condi\u00e7\u00f5es sociais, emocionais e funcionais de um indiv\u00edduo, realizado por psic\u00f3logo para fins cl\u00ednicos, educacionais ou laborais.Costuma ser solicitada ou indicada por &hellip;<\/p>\n<p class=\"read-more\"> <a class=\"\" href=\"https:\/\/analugallotti.com.br\/?page_id=793\"> <span class=\"screen-reader-text\">Avalia\u00e7\u00e3o Neuropsicol\u00f3gica<\/span> Leia mais &raquo;<\/a><\/p>\n","protected":false},"author":1,"featured_media":0,"parent":0,"menu_order":0,"comment_status":"closed","ping_status":"closed","template":"","meta":{"_uag_custom_page_level_css":"","site-sidebar-layout":"no-sidebar","site-content-layout":"page-builder","ast-global-header-display":"","ast-main-header-display":"","ast-hfb-above-header-display":"","ast-hfb-below-header-display":"","ast-hfb-mobile-header-display":"","site-post-title":"disabled","ast-breadcrumbs-content":"","ast-featured-img":"disabled","footer-sml-layout":"","theme-transparent-header-meta":"","adv-header-id-meta":"","stick-header-meta":"","header-above-stick-meta":"","header-main-stick-meta":"","header-below-stick-meta":""},"uagb_featured_image_src":{"full":false,"thumbnail":false,"medium":false,"medium_large":false,"large":false,"1536x1536":false,"2048x2048":false},"uagb_author_info":{"display_name":"mgsolucoescriativas@gmail.com","author_link":"https:\/\/analugallotti.com.br\/?author=1"},"uagb_comment_info":0,"uagb_excerpt":"Avalia\u00e7\u00e3o Neuropsicol\u00f3gica A avalia\u00e7\u00e3o neuropsicol\u00f3gica \u00e9 o processo de investiga\u00e7\u00e3o e diagn\u00f3stico das fun\u00e7\u00f5es cognitivas, como a aten\u00e7\u00e3o, mem\u00f3ria e linguagem, dentre outras, a partir do desempenho em tarefas intelectuais espec\u00edficas e das condi\u00e7\u00f5es sociais, emocionais e funcionais de um indiv\u00edduo, realizado por psic\u00f3logo para fins cl\u00ednicos, educacionais ou laborais.Costuma ser solicitada ou indicada por&hellip;","_links":{"self":[{"href":"https:\/\/analugallotti.com.br\/index.php?rest_route=\/wp\/v2\/pages\/793"}],"collection":[{"href":"https:\/\/analugallotti.com.br\/index.php?rest_route=\/wp\/v2\/pages"}],"about":[{"href":"https:\/\/analugallotti.com.br\/index.php?rest_route=\/wp\/v2\/types\/page"}],"author":[{"embeddable":true,"href":"https:\/\/analugallotti.com.br\/index.php?rest_route=\/wp\/v2\/users\/1"}],"replies":[{"embeddable":true,"href":"https:\/\/analugallotti.com.br\/index.php?rest_route=%2Fwp%2Fv2%2Fcomments&post=793"}],"version-history":[{"count":14,"href":"https:\/\/analugallotti.com.br\/index.php?rest_route=\/wp\/v2\/pages\/793\/revisions"}],"predecessor-version":[{"id":1069,"href":"https:\/\/analugallotti.com.br\/index.php?rest_route=\/wp\/v2\/pages\/793\/revisions\/1069"}],"wp:attachment":[{"href":"https:\/\/analugallotti.com.br\/index.php?rest_route=%2Fwp%2Fv2%2Fmedia&parent=793"}],"curies":[{"name":"wp","href":"https:\/\/api.w.org\/{rel}","templated":true}]}}