{"id":794,"date":"2023-04-17T08:12:35","date_gmt":"2023-04-17T11:12:35","guid":{"rendered":"https:\/\/analugallotti.com.br\/?page_id=794"},"modified":"2023-05-26T14:42:35","modified_gmt":"2023-05-26T17:42:35","slug":"palestras","status":"publish","type":"page","link":"https:\/\/analugallotti.com.br\/?page_id=794","title":{"rendered":"Palestras"},"content":{"rendered":"\t\t<div data-elementor-type=\"wp-page\" data-elementor-id=\"794\" class=\"elementor elementor-794\">\n\t\t\t\t\t\t\t\t\t<section class=\"elementor-section elementor-top-section elementor-element elementor-element-64a4727 elementor-section-boxed elementor-section-height-default elementor-section-height-default\" data-id=\"64a4727\" data-element_type=\"section\">\n\t\t\t\t\t\t<div class=\"elementor-container elementor-column-gap-default\">\n\t\t\t\t\t<div class=\"elementor-column elementor-col-100 elementor-top-column elementor-element elementor-element-db6cc5a\" data-id=\"db6cc5a\" data-element_type=\"column\">\n\t\t\t<div class=\"elementor-widget-wrap elementor-element-populated\">\n\t\t\t\t\t\t\t\t<div class=\"elementor-element elementor-element-9556978 elementor-widget elementor-widget-heading\" data-id=\"9556978\" data-element_type=\"widget\" data-widget_type=\"heading.default\">\n\t\t\t\t<div class=\"elementor-widget-container\">\n\t\t\t<style>\/*! elementor - v3.12.1 - 02-04-2023 *\/\n.elementor-heading-title{padding:0;margin:0;line-height:1}.elementor-widget-heading .elementor-heading-title[class*=elementor-size-]>a{color:inherit;font-size:inherit;line-height:inherit}.elementor-widget-heading .elementor-heading-title.elementor-size-small{font-size:15px}.elementor-widget-heading .elementor-heading-title.elementor-size-medium{font-size:19px}.elementor-widget-heading .elementor-heading-title.elementor-size-large{font-size:29px}.elementor-widget-heading .elementor-heading-title.elementor-size-xl{font-size:39px}.elementor-widget-heading .elementor-heading-title.elementor-size-xxl{font-size:59px}<\/style><h3 class=\"elementor-heading-title elementor-size-default\">Palestras<\/h3>\t\t<\/div>\n\t\t\t\t<\/div>\n\t\t\t\t\t<\/div>\n\t\t<\/div>\n\t\t\t\t\t\t\t<\/div>\n\t\t<\/section>\n\t\t\t\t<section class=\"elementor-section elementor-top-section elementor-element elementor-element-27bf1aa elementor-section-boxed elementor-section-height-default elementor-section-height-default\" data-id=\"27bf1aa\" data-element_type=\"section\">\n\t\t\t\t\t\t<div class=\"elementor-container elementor-column-gap-default\">\n\t\t\t\t\t<div class=\"elementor-column elementor-col-50 elementor-top-column elementor-element elementor-element-978c204\" data-id=\"978c204\" data-element_type=\"column\">\n\t\t\t<div class=\"elementor-widget-wrap elementor-element-populated\">\n\t\t\t\t\t\t\t\t<div class=\"elementor-element elementor-element-d2cb419 elementor-widget elementor-widget-text-editor\" data-id=\"d2cb419\" data-element_type=\"widget\" data-widget_type=\"text-editor.default\">\n\t\t\t\t<div class=\"elementor-widget-container\">\n\t\t\t<style>\/*! elementor - v3.12.1 - 02-04-2023 *\/\n.elementor-widget-text-editor.elementor-drop-cap-view-stacked .elementor-drop-cap{background-color:#69727d;color:#fff}.elementor-widget-text-editor.elementor-drop-cap-view-framed .elementor-drop-cap{color:#69727d;border:3px solid;background-color:transparent}.elementor-widget-text-editor:not(.elementor-drop-cap-view-default) .elementor-drop-cap{margin-top:8px}.elementor-widget-text-editor:not(.elementor-drop-cap-view-default) .elementor-drop-cap-letter{width:1em;height:1em}.elementor-widget-text-editor .elementor-drop-cap{float:left;text-align:center;line-height:1;font-size:50px}.elementor-widget-text-editor .elementor-drop-cap-letter{display:inline-block}<\/style>\t\t\t\t<p>Palestras para escolas, empresas e institui\u00e7\u00f5es sobre Psicologia, sa\u00fade mental, qualidade de vida, relacionamento, comportamento, bem-estar e outros temas relacionados a psicologia s\u00e3o uma forma eficaz de levar informa\u00e7\u00e3o e conscientiza\u00e7\u00e3o sobre a import\u00e2ncia da sa\u00fade mental e emocional para todos os p\u00fablicos. As palestras s\u00e3o personalizadas e adaptadas \u00e0s necessidades espec\u00edficas de cada ambiente, levando em considera\u00e7\u00e3o as demandas e interesses dos participantes. Durante as palestras, os participantes ter\u00e3o a oportunidade de aprender sobre t\u00e9cnicas e estrat\u00e9gias para lidar com situa\u00e7\u00f5es desafiadoras do cotidiano, al\u00e9m de adquirir conhecimento sobre diferentes transtornos e problemas emocionais, e como identific\u00e1-los e lidar com eles. As palestras tamb\u00e9m visam estimular reflex\u00f5es sobre autoconhecimento, empatia, relacionamento interpessoal e qualidade de vida. Se voc\u00ea est\u00e1 interessado em palestras sobre psicologia e sa\u00fade mental para a sua escola, empresa ou institui\u00e7\u00e3o, entre em contato para mais informa\u00e7\u00f5es sobre como podemos personalizar uma palestra de acordo com as suas necessidades.<\/p>\t\t\t\t\t\t<\/div>\n\t\t\t\t<\/div>\n\t\t\t\t<section class=\"elementor-section elementor-inner-section elementor-element elementor-element-40812b9 elementor-section-boxed elementor-section-height-default elementor-section-height-default\" data-id=\"40812b9\" data-element_type=\"section\">\n\t\t\t\t\t\t<div class=\"elementor-container elementor-column-gap-default\">\n\t\t\t\t\t<div class=\"elementor-column elementor-col-100 elementor-inner-column elementor-element elementor-element-77392dc\" data-id=\"77392dc\" data-element_type=\"column\">\n\t\t\t<div class=\"elementor-widget-wrap elementor-element-populated\">\n\t\t\t\t\t\t\t\t<div class=\"elementor-element elementor-element-1a3e0ec elementor-widget elementor-widget-button\" data-id=\"1a3e0ec\" data-element_type=\"widget\" data-widget_type=\"button.default\">\n\t\t\t\t<div class=\"elementor-widget-container\">\n\t\t\t\t\t<div class=\"elementor-button-wrapper\">\n\t\t\t<a href=\"https:\/\/wa.me\/message\/FBJKU6NFFB4FE1\" class=\"elementor-button-link elementor-button elementor-size-sm\" role=\"button\">\n\t\t\t\t\t\t<span class=\"elementor-button-content-wrapper\">\n\t\t\t\t\t\t<span class=\"elementor-button-text\">Clique aqui para ter informa\u00e7\u00f5es sobre palestras<\/span>\n\t\t<\/span>\n\t\t\t\t\t<\/a>\n\t\t<\/div>\n\t\t\t\t<\/div>\n\t\t\t\t<\/div>\n\t\t\t\t\t<\/div>\n\t\t<\/div>\n\t\t\t\t\t\t\t<\/div>\n\t\t<\/section>\n\t\t\t\t\t<\/div>\n\t\t<\/div>\n\t\t\t\t<div class=\"elementor-column elementor-col-50 elementor-top-column elementor-element elementor-element-1e43167\" data-id=\"1e43167\" data-element_type=\"column\">\n\t\t\t<div class=\"elementor-widget-wrap elementor-element-populated\">\n\t\t\t\t\t\t\t\t<div class=\"elementor-element elementor-element-0bfa7ca elementor-arrows-position-inside elementor-pagination-position-outside elementor-widget elementor-widget-image-carousel\" data-id=\"0bfa7ca\" data-element_type=\"widget\" data-settings=\"{&quot;slides_to_show&quot;:&quot;1&quot;,&quot;navigation&quot;:&quot;both&quot;,&quot;autoplay&quot;:&quot;yes&quot;,&quot;pause_on_hover&quot;:&quot;yes&quot;,&quot;pause_on_interaction&quot;:&quot;yes&quot;,&quot;autoplay_speed&quot;:5000,&quot;infinite&quot;:&quot;yes&quot;,&quot;effect&quot;:&quot;slide&quot;,&quot;speed&quot;:500}\" data-widget_type=\"image-carousel.default\">\n\t\t\t\t<div class=\"elementor-widget-container\">\n\t\t\t<style>\/*! elementor - v3.12.1 - 02-04-2023 *\/\n.elementor-widget-image-carousel .swiper,.elementor-widget-image-carousel .swiper-container{position:static}.elementor-widget-image-carousel .swiper-container .swiper-slide figure,.elementor-widget-image-carousel .swiper .swiper-slide figure{line-height:inherit}.elementor-widget-image-carousel .swiper-slide{text-align:center}.elementor-image-carousel-wrapper:not(.swiper-container-initialized) .swiper-slide,.elementor-image-carousel-wrapper:not(.swiper-initialized) .swiper-slide{max-width:calc(100% \/ var(--e-image-carousel-slides-to-show, 3))}<\/style>\t\t<div class=\"elementor-image-carousel-wrapper swiper\" dir=\"ltr\">\n\t\t\t<div class=\"elementor-image-carousel swiper-wrapper\">\n\t\t\t\t\t\t\t\t<div class=\"swiper-slide\"><figure class=\"swiper-slide-inner\"><img decoding=\"async\" class=\"swiper-slide-image\" src=\"https:\/\/analugallotti.com.br\/wp-content\/uploads\/2023\/05\/1837e306-d905-4808-8b22-00ba9101a4ac.jpg\" alt=\"1837e306-d905-4808-8b22-00ba9101a4ac\" \/><\/figure><\/div><div class=\"swiper-slide\"><figure class=\"swiper-slide-inner\"><img decoding=\"async\" class=\"swiper-slide-image\" src=\"https:\/\/analugallotti.com.br\/wp-content\/uploads\/2023\/05\/89efdba7-d166-4824-ae0b-162d0fcb569c.jpg\" alt=\"89efdba7-d166-4824-ae0b-162d0fcb569c\" \/><\/figure><\/div>\t\t\t<\/div>\n\t\t\t\t\t\t\t\t\t\t\t\t<div class=\"swiper-pagination\"><\/div>\n\t\t\t\t\t\t\t\t\t\t\t\t\t<div class=\"elementor-swiper-button elementor-swiper-button-prev\">\n\t\t\t\t\t\t<i aria-hidden=\"true\" class=\"eicon-chevron-left\"><\/i>\t\t\t\t\t\t<span class=\"elementor-screen-only\">Anterior<\/span>\n\t\t\t\t\t<\/div>\n\t\t\t\t\t<div class=\"elementor-swiper-button elementor-swiper-button-next\">\n\t\t\t\t\t\t<i aria-hidden=\"true\" class=\"eicon-chevron-right\"><\/i>\t\t\t\t\t\t<span class=\"elementor-screen-only\">Pr\u00f3ximo<\/span>\n\t\t\t\t\t<\/div>\n\t\t\t\t\t\t\t\t\t<\/div>\n\t\t\t\t<\/div>\n\t\t\t\t<\/div>\n\t\t\t\t\t<\/div>\n\t\t<\/div>\n\t\t\t\t\t\t\t<\/div>\n\t\t<\/section>\n\t\t\t\t\t\t\t<\/div>\n\t\t","protected":false},"excerpt":{"rendered":"<p>Palestras Palestras para escolas, empresas e institui\u00e7\u00f5es sobre Psicologia, sa\u00fade mental, qualidade de vida, relacionamento, comportamento, bem-estar e outros temas relacionados a psicologia s\u00e3o uma forma eficaz de levar informa\u00e7\u00e3o e conscientiza\u00e7\u00e3o sobre a import\u00e2ncia da sa\u00fade mental e emocional para todos os p\u00fablicos. As palestras s\u00e3o personalizadas e adaptadas \u00e0s necessidades espec\u00edficas de cada &hellip;<\/p>\n<p class=\"read-more\"> <a class=\"\" href=\"https:\/\/analugallotti.com.br\/?page_id=794\"> <span class=\"screen-reader-text\">Palestras<\/span> Leia mais &raquo;<\/a><\/p>\n","protected":false},"author":1,"featured_media":0,"parent":0,"menu_order":0,"comment_status":"closed","ping_status":"closed","template":"","meta":{"_uag_custom_page_level_css":"","site-sidebar-layout":"no-sidebar","site-content-layout":"page-builder","ast-global-header-display":"","ast-main-header-display":"","ast-hfb-above-header-display":"","ast-hfb-below-header-display":"","ast-hfb-mobile-header-display":"","site-post-title":"disabled","ast-breadcrumbs-content":"","ast-featured-img":"disabled","footer-sml-layout":"","theme-transparent-header-meta":"","adv-header-id-meta":"","stick-header-meta":"","header-above-stick-meta":"","header-main-stick-meta":"","header-below-stick-meta":""},"uagb_featured_image_src":{"full":false,"thumbnail":false,"medium":false,"medium_large":false,"large":false,"1536x1536":false,"2048x2048":false},"uagb_author_info":{"display_name":"mgsolucoescriativas@gmail.com","author_link":"https:\/\/analugallotti.com.br\/?author=1"},"uagb_comment_info":0,"uagb_excerpt":"Palestras Palestras para escolas, empresas e institui\u00e7\u00f5es sobre Psicologia, sa\u00fade mental, qualidade de vida, relacionamento, comportamento, bem-estar e outros temas relacionados a psicologia s\u00e3o uma forma eficaz de levar informa\u00e7\u00e3o e conscientiza\u00e7\u00e3o sobre a import\u00e2ncia da sa\u00fade mental e emocional para todos os p\u00fablicos. As palestras s\u00e3o personalizadas e adaptadas \u00e0s necessidades espec\u00edficas de cada&hellip;","_links":{"self":[{"href":"https:\/\/analugallotti.com.br\/index.php?rest_route=\/wp\/v2\/pages\/794"}],"collection":[{"href":"https:\/\/analugallotti.com.br\/index.php?rest_route=\/wp\/v2\/pages"}],"about":[{"href":"https:\/\/analugallotti.com.br\/index.php?rest_route=\/wp\/v2\/types\/page"}],"author":[{"embeddable":true,"href":"https:\/\/analugallotti.com.br\/index.php?rest_route=\/wp\/v2\/users\/1"}],"replies":[{"embeddable":true,"href":"https:\/\/analugallotti.com.br\/index.php?rest_route=%2Fwp%2Fv2%2Fcomments&post=794"}],"version-history":[{"count":10,"href":"https:\/\/analugallotti.com.br\/index.php?rest_route=\/wp\/v2\/pages\/794\/revisions"}],"predecessor-version":[{"id":950,"href":"https:\/\/analugallotti.com.br\/index.php?rest_route=\/wp\/v2\/pages\/794\/revisions\/950"}],"wp:attachment":[{"href":"https:\/\/analugallotti.com.br\/index.php?rest_route=%2Fwp%2Fv2%2Fmedia&parent=794"}],"curies":[{"name":"wp","href":"https:\/\/api.w.org\/{rel}","templated":true}]}}