{"id":909,"date":"2023-04-19T10:34:24","date_gmt":"2023-04-19T13:34:24","guid":{"rendered":"https:\/\/analugallotti.com.br\/?page_id=909"},"modified":"2023-05-31T08:02:21","modified_gmt":"2023-05-31T11:02:21","slug":"terapia-infantil","status":"publish","type":"page","link":"https:\/\/analugallotti.com.br\/?page_id=909","title":{"rendered":"Terapia Infantil"},"content":{"rendered":"\t\t<div data-elementor-type=\"wp-page\" data-elementor-id=\"909\" class=\"elementor elementor-909\">\n\t\t\t\t\t\t\t\t\t<section class=\"elementor-section elementor-top-section elementor-element elementor-element-2d9a88d elementor-section-boxed elementor-section-height-default elementor-section-height-default\" data-id=\"2d9a88d\" data-element_type=\"section\">\n\t\t\t\t\t\t<div class=\"elementor-container elementor-column-gap-default\">\n\t\t\t\t\t<div class=\"elementor-column elementor-col-100 elementor-top-column elementor-element elementor-element-d928c09\" data-id=\"d928c09\" data-element_type=\"column\">\n\t\t\t<div class=\"elementor-widget-wrap elementor-element-populated\">\n\t\t\t\t\t\t\t\t<div class=\"elementor-element elementor-element-7b05417 elementor-widget elementor-widget-heading\" data-id=\"7b05417\" data-element_type=\"widget\" data-widget_type=\"heading.default\">\n\t\t\t\t<div class=\"elementor-widget-container\">\n\t\t\t<style>\/*! elementor - v3.12.1 - 02-04-2023 *\/\n.elementor-heading-title{padding:0;margin:0;line-height:1}.elementor-widget-heading .elementor-heading-title[class*=elementor-size-]>a{color:inherit;font-size:inherit;line-height:inherit}.elementor-widget-heading .elementor-heading-title.elementor-size-small{font-size:15px}.elementor-widget-heading .elementor-heading-title.elementor-size-medium{font-size:19px}.elementor-widget-heading .elementor-heading-title.elementor-size-large{font-size:29px}.elementor-widget-heading .elementor-heading-title.elementor-size-xl{font-size:39px}.elementor-widget-heading .elementor-heading-title.elementor-size-xxl{font-size:59px}<\/style><h3 class=\"elementor-heading-title elementor-size-default\">Terapia Infantil<\/h3>\t\t<\/div>\n\t\t\t\t<\/div>\n\t\t\t\t\t<\/div>\n\t\t<\/div>\n\t\t\t\t\t\t\t<\/div>\n\t\t<\/section>\n\t\t\t\t<section class=\"elementor-section elementor-top-section elementor-element elementor-element-f588d64 elementor-section-boxed elementor-section-height-default elementor-section-height-default\" data-id=\"f588d64\" data-element_type=\"section\">\n\t\t\t\t\t\t<div class=\"elementor-container elementor-column-gap-default\">\n\t\t\t\t\t<div class=\"elementor-column elementor-col-50 elementor-top-column elementor-element elementor-element-ff7ce49\" data-id=\"ff7ce49\" data-element_type=\"column\">\n\t\t\t<div class=\"elementor-widget-wrap elementor-element-populated\">\n\t\t\t\t\t\t\t\t<div class=\"elementor-element elementor-element-2e27d3c elementor-widget elementor-widget-text-editor\" data-id=\"2e27d3c\" data-element_type=\"widget\" data-widget_type=\"text-editor.default\">\n\t\t\t\t<div class=\"elementor-widget-container\">\n\t\t\t<style>\/*! elementor - v3.12.1 - 02-04-2023 *\/\n.elementor-widget-text-editor.elementor-drop-cap-view-stacked .elementor-drop-cap{background-color:#69727d;color:#fff}.elementor-widget-text-editor.elementor-drop-cap-view-framed .elementor-drop-cap{color:#69727d;border:3px solid;background-color:transparent}.elementor-widget-text-editor:not(.elementor-drop-cap-view-default) .elementor-drop-cap{margin-top:8px}.elementor-widget-text-editor:not(.elementor-drop-cap-view-default) .elementor-drop-cap-letter{width:1em;height:1em}.elementor-widget-text-editor .elementor-drop-cap{float:left;text-align:center;line-height:1;font-size:50px}.elementor-widget-text-editor .elementor-drop-cap-letter{display:inline-block}<\/style>\t\t\t\t<p>A inf\u00e2ncia \u00e9 uma fase crucial na vida de uma pessoa, pois \u00e9 nesse per\u00edodo que as bases para o desenvolvimento saud\u00e1vel s\u00e3o estabelecidas. No entanto, a crian\u00e7a tamb\u00e9m enfrenta suas pr\u00f3prias batalhas emocionais, que podem ser dif\u00edceis de compreender e enfrentar sem a ajuda adequada. \u00c9 a\u00ed que entra a Terapia Infantil.<br \/>A Terapia Infantil \u00e9 indicada para uma ampla gama de quest\u00f5es, desde ansiedade, depress\u00e3o e traumas at\u00e9 problemas de comportamento, dificuldades de aprendizado e ajuste a mudan\u00e7as.<br \/>Utilizando m\u00e9todos terap\u00eauticos adaptados \u00e0 idade, como brincadeiras, jogos e desenhos, o terapeuta proporciona um ambiente seguro e acolhedor para que a crian\u00e7a expresse seus sentimentos e desenvolva habilidades de enfrentamento saud\u00e1veis.<br \/>A abordagem terap\u00eautica \u00e9 centrada na crian\u00e7a, reconhecendo que ela \u00e9 \u00fanica e possui suas pr\u00f3prias experi\u00eancias e necessidades. Trabalha-se em estreita colabora\u00e7\u00e3o com os pais, fornecendo orienta\u00e7\u00f5es e estrat\u00e9gias para promover um ambiente de apoio em casa. A terapia infantil n\u00e3o apenas ajuda a crian\u00e7a a superar desafios emocionais, mas tamb\u00e9m fortalece os la\u00e7os familiares, capacitando os pais a apoiarem seu filho de maneira mais eficaz.<\/p>\t\t\t\t\t\t<\/div>\n\t\t\t\t<\/div>\n\t\t\t\t\t<\/div>\n\t\t<\/div>\n\t\t\t\t<div class=\"elementor-column elementor-col-50 elementor-top-column elementor-element elementor-element-fbd0959\" data-id=\"fbd0959\" data-element_type=\"column\">\n\t\t\t<div class=\"elementor-widget-wrap elementor-element-populated\">\n\t\t\t\t\t\t\t\t<div class=\"elementor-element elementor-element-a35a3fc elementor-widget elementor-widget-image\" data-id=\"a35a3fc\" data-element_type=\"widget\" data-widget_type=\"image.default\">\n\t\t\t\t<div class=\"elementor-widget-container\">\n\t\t\t<style>\/*! elementor - v3.12.1 - 02-04-2023 *\/\n.elementor-widget-image{text-align:center}.elementor-widget-image a{display:inline-block}.elementor-widget-image a img[src$=\".svg\"]{width:48px}.elementor-widget-image img{vertical-align:middle;display:inline-block}<\/style>\t\t\t\t\t\t\t\t\t\t\t\t<img decoding=\"async\" width=\"960\" height=\"640\" src=\"https:\/\/analugallotti.com.br\/wp-content\/uploads\/2023\/05\/DSC_2313.png\" class=\"attachment-large size-large wp-image-957\" alt=\"\" loading=\"lazy\" srcset=\"https:\/\/analugallotti.com.br\/wp-content\/uploads\/2023\/05\/DSC_2313.png 960w, https:\/\/analugallotti.com.br\/wp-content\/uploads\/2023\/05\/DSC_2313-300x200.png 300w, https:\/\/analugallotti.com.br\/wp-content\/uploads\/2023\/05\/DSC_2313-768x512.png 768w\" sizes=\"(max-width: 960px) 100vw, 960px\" \/>\t\t\t\t\t\t\t\t\t\t\t\t\t\t\t<\/div>\n\t\t\t\t<\/div>\n\t\t\t\t\t<\/div>\n\t\t<\/div>\n\t\t\t\t\t\t\t<\/div>\n\t\t<\/section>\n\t\t\t\t\t\t\t<\/div>\n\t\t","protected":false},"excerpt":{"rendered":"<p>Terapia Infantil A inf\u00e2ncia \u00e9 uma fase crucial na vida de uma pessoa, pois \u00e9 nesse per\u00edodo que as bases para o desenvolvimento saud\u00e1vel s\u00e3o estabelecidas. No entanto, a crian\u00e7a tamb\u00e9m enfrenta suas pr\u00f3prias batalhas emocionais, que podem ser dif\u00edceis de compreender e enfrentar sem a ajuda adequada. \u00c9 a\u00ed que entra a Terapia Infantil.A &hellip;<\/p>\n<p class=\"read-more\"> <a class=\"\" href=\"https:\/\/analugallotti.com.br\/?page_id=909\"> <span class=\"screen-reader-text\">Terapia Infantil<\/span> Leia mais &raquo;<\/a><\/p>\n","protected":false},"author":1,"featured_media":0,"parent":0,"menu_order":0,"comment_status":"closed","ping_status":"closed","template":"","meta":{"_uag_custom_page_level_css":"","site-sidebar-layout":"no-sidebar","site-content-layout":"page-builder","ast-global-header-display":"","ast-main-header-display":"","ast-hfb-above-header-display":"","ast-hfb-below-header-display":"","ast-hfb-mobile-header-display":"","site-post-title":"disabled","ast-breadcrumbs-content":"","ast-featured-img":"disabled","footer-sml-layout":"","theme-transparent-header-meta":"","adv-header-id-meta":"","stick-header-meta":"","header-above-stick-meta":"","header-main-stick-meta":"","header-below-stick-meta":""},"uagb_featured_image_src":{"full":false,"thumbnail":false,"medium":false,"medium_large":false,"large":false,"1536x1536":false,"2048x2048":false},"uagb_author_info":{"display_name":"mgsolucoescriativas@gmail.com","author_link":"https:\/\/analugallotti.com.br\/?author=1"},"uagb_comment_info":0,"uagb_excerpt":"Terapia Infantil A inf\u00e2ncia \u00e9 uma fase crucial na vida de uma pessoa, pois \u00e9 nesse per\u00edodo que as bases para o desenvolvimento saud\u00e1vel s\u00e3o estabelecidas. No entanto, a crian\u00e7a tamb\u00e9m enfrenta suas pr\u00f3prias batalhas emocionais, que podem ser dif\u00edceis de compreender e enfrentar sem a ajuda adequada. \u00c9 a\u00ed que entra a Terapia Infantil.A&hellip;","_links":{"self":[{"href":"https:\/\/analugallotti.com.br\/index.php?rest_route=\/wp\/v2\/pages\/909"}],"collection":[{"href":"https:\/\/analugallotti.com.br\/index.php?rest_route=\/wp\/v2\/pages"}],"about":[{"href":"https:\/\/analugallotti.com.br\/index.php?rest_route=\/wp\/v2\/types\/page"}],"author":[{"embeddable":true,"href":"https:\/\/analugallotti.com.br\/index.php?rest_route=\/wp\/v2\/users\/1"}],"replies":[{"embeddable":true,"href":"https:\/\/analugallotti.com.br\/index.php?rest_route=%2Fwp%2Fv2%2Fcomments&post=909"}],"version-history":[{"count":13,"href":"https:\/\/analugallotti.com.br\/index.php?rest_route=\/wp\/v2\/pages\/909\/revisions"}],"predecessor-version":[{"id":980,"href":"https:\/\/analugallotti.com.br\/index.php?rest_route=\/wp\/v2\/pages\/909\/revisions\/980"}],"wp:attachment":[{"href":"https:\/\/analugallotti.com.br\/index.php?rest_route=%2Fwp%2Fv2%2Fmedia&parent=909"}],"curies":[{"name":"wp","href":"https:\/\/api.w.org\/{rel}","templated":true}]}}